{"id":48,"date":"2019-04-18T11:12:45","date_gmt":"2019-04-18T11:12:45","guid":{"rendered":"https:\/\/envothemes.com\/envo-ecommerce\/?page_id=48"},"modified":"2023-03-28T19:49:45","modified_gmt":"2023-03-28T19:49:45","slug":"contact","status":"publish","type":"page","link":"https:\/\/grajnaperkusji.pl\/index.php\/contact\/","title":{"rendered":"Lekcje stacjonarne"},"content":{"rendered":"\n<p>R\u00f3wnocze\u015bnie do grania, od oko\u0142u 10 lat ucz\u0119 gra\u0107 na perkusji. Bardzo lubi\u0119 to robi\u0107 i owocem moich dzia\u0142an w tym temacie jest moja szk\u00f3\u0142ka: Studium Rytmiczne, czyli spotykamy si\u0119 w mojej salce i b\u0119bnimy! Od samego pocz\u0105tku postanowi\u0142em, \u017ce chc\u0119 uczy\u0107 tego czego ka\u017cdy osobno chce\/potrzebuje. Je\u015bli kto\u015b przychodzi si\u0119 rozerwa\u0107, to b\u0119bnimy banalne rzeczy z du\u017c\u0105 radoch\u0105, je\u015bli mam przygotowa\u0107 do egzaminu do szko\u0142y muzycznej, to \u0107wiczymy konkretniej. Do wszystkich podchodz\u0119 INDYWIDUALNIE, \u017ceby by\u0142o fajnie. Cho\u0107 staram si\u0119 te\u017c zawsze przemyci\u0107 co\u015b rozwojowego, \u017ceby te\u017c i\u015b\u0107 do przodu, nawet je\u015bli gramy proste bity dla rozrywki. Nie cisne, je\u015bli kto\u015b chce si\u0119 rozerwa\u0107, a z drugiej strony staram si\u0119 zach\u0119cic i dobrze zmotywowa\u0107, gdy kto\u015b chce si\u0119 gdzie\u015b dosta\u0107 lub bardziej kompleksowo rozwija\u0107.<\/p>\n\n\n\n<p>Jak kto chce:) Jak kto woli!:)<\/p>\n\n\n\n<p>Zaj\u0119cia stacjonarne prowadz\u0119 w dw\u00f3ch salkach w Warszawie:<\/p>\n\n\n\n<ol>\n<li>Na ulicy Konwiktorskiej 9<\/li>\n\n\n\n<li>Na ulicy Meblowej<\/li>\n<\/ol>\n\n\n\n<p>Poni\u017cej promo video:<\/p>\n\n\n\n<figure class=\"wp-block-embed is-type-video is-provider-youtube wp-block-embed-youtube wp-embed-aspect-16-9 wp-has-aspect-ratio\"><div class=\"wp-block-embed__wrapper\">\n<iframe loading=\"lazy\" title=\"Nauka gry na perkusji w Warszawie. NAUCZ SI\u0118 GRA\u0106!!!! :)\" width=\"775\" height=\"436\" src=\"https:\/\/www.youtube.com\/embed\/JXLRFMpgoxM?feature=oembed\" frameborder=\"0\" allow=\"accelerometer; autoplay; clipboard-write; encrypted-media; gyroscope; picture-in-picture; web-share\" allowfullscreen><\/iframe>\n<\/div><\/figure>\n\n\n\n<p>W razie zainteresowania zapraszam do kontaktu: maciek.wojcieszuk@gmail.com<\/p>\n","protected":false},"excerpt":{"rendered":"<p>R\u00f3wnocze\u015bnie do grania, od oko\u0142u 10 lat ucz\u0119 gra\u0107 na perkusji. Bardzo lubi\u0119 to robi\u0107 i owocem moich dzia\u0142an w tym temacie jest moja szk\u00f3\u0142ka: Studium Rytmiczne, czyli spotykamy si\u0119 w mojej salce i b\u0119bnimy! Od samego pocz\u0105tku postanowi\u0142em, \u017ce chc\u0119 uczy\u0107 tego czego ka\u017cdy osobno chce\/potrzebuje. Je\u015bli kto\u015b przychodzi si\u0119 rozerwa\u0107, to b\u0119bnimy banalne &hellip; <\/p>\n","protected":false},"author":1,"featured_media":0,"parent":0,"menu_order":0,"comment_status":"closed","ping_status":"closed","template":"","meta":[],"_links":{"self":[{"href":"https:\/\/grajnaperkusji.pl\/index.php\/wp-json\/wp\/v2\/pages\/48"}],"collection":[{"href":"https:\/\/grajnaperkusji.pl\/index.php\/wp-json\/wp\/v2\/pages"}],"about":[{"href":"https:\/\/grajnaperkusji.pl\/index.php\/wp-json\/wp\/v2\/types\/page"}],"author":[{"embeddable":true,"href":"https:\/\/grajnaperkusji.pl\/index.php\/wp-json\/wp\/v2\/users\/1"}],"replies":[{"embeddable":true,"href":"https:\/\/grajnaperkusji.pl\/index.php\/wp-json\/wp\/v2\/comments?post=48"}],"version-history":[{"count":1,"href":"https:\/\/grajnaperkusji.pl\/index.php\/wp-json\/wp\/v2\/pages\/48\/revisions"}],"predecessor-version":[{"id":695,"href":"https:\/\/grajnaperkusji.pl\/index.php\/wp-json\/wp\/v2\/pages\/48\/revisions\/695"}],"wp:attachment":[{"href":"https:\/\/grajnaperkusji.pl\/index.php\/wp-json\/wp\/v2\/media?parent=48"}],"curies":[{"name":"wp","href":"https:\/\/api.w.org\/{rel}","templated":true}]}}