{"id":53,"date":"2019-04-18T11:16:34","date_gmt":"2019-04-18T11:16:34","guid":{"rendered":"https:\/\/envothemes.com\/envo-ecommerce\/?page_id=53"},"modified":"2023-03-28T17:44:09","modified_gmt":"2023-03-28T17:44:09","slug":"about-us","status":"publish","type":"page","link":"https:\/\/grajnaperkusji.pl\/index.php\/about-us\/","title":{"rendered":"O mnie"},"content":{"rendered":"<p>Cze\u015b\u0107, czo\u0142em, siemano!:)<\/p>\n<p>Jestem Maciek Wojcieszuk &#8211; jestem perkusist\u0105. Napisz\u0119 tutaj par\u0119 s\u0142\u00f3w o sobie. Urodzi\u0142em si\u0119 w Lublinie, i od najm\u0142odszych lat mia\u0142em jaki\u015b taki &#8222;dryg&#8221; rytmiczny. Bardzo lubi\u0142em s\u0142ucha\u0107 muzyki, wkr\u0119ca\u0142em si\u0119 w ni\u0105 mocno, ta\u0144czy\u0142em naturalnie sam z siebie (dzi\u015b po latach ju\u017c nie bardzo:) ) i og\u00f3lnie czu\u0142em puls. Odbiera\u0142em go wewn\u0119trznie. Po jakim\u015b czasie, gdzie\u015b ko\u0142o 11-12 roku \u017cycia oznajmi\u0142em moim rodzicom, \u017ce chc\u0119 gra\u0107 na czym\u015b i \u017ceby co\u015b z tym zrobili \ud83d\ude42<\/p>\n<p>Na szcz\u0119\u015bcie moja Mama od razu kupi\u0142a gitar\u0119 i zapisa\u0142a mnie na zaj\u0119cia. Spe\u0142ni\u0142a moj\u0105 pro\u015bb\u0119 i tak za chwil\u0119 sta\u0142em si\u0119 uczniem ogniska muzycznego, w kt\u00f3rym w tajniki muzyki wprowadza\u0142 mnie pan Przemys\u0142aw \u0141ozowski.<\/p>\n<p>Na zaj\u0119ciach z nim \u015bwietnie rozbuja\u0142o si\u0119 to moje zainteresowanie, moja faza na granie. Bo by\u0142y to super zaj\u0119cia! Grali\u015bmy na gitarze, ale jednocze\u015bnie uczyli\u015bmy si\u0119 nut, troch\u0119 teorii muzyki a przede wszystkim IMPROWIZOWALI\u015aMY! Ju\u017c wtedy mia\u0142em kontakt z graniem &#8222;na \u017cywca&#8221;, na bie\u017c\u0105co \u2013 co okaza\u0142o si\u0119 p\u00f3\u017aniej wa\u017cnym sk\u0142adnikiem mego \u017cycia. Super czas, faza na granie rozdmuchana, przed\u0142u\u017cona i jeszcze mocniejsza.:)<\/p>\n<p>Jak mia\u0142em lat 15 podj\u0105\u0142em decyzj\u0119 o zdawaniu do szko\u0142y muzycznej. I po namy\u015ble wyb\u00f3r pad\u0142 na perkusje \u2013 ale uwaga \u2013 by\u0142 taki taki wyb\u00f3r &#8222;nie wiadomo sk\u0105d&#8221; . Wybra\u0142em b\u0119bny, bo nie chcia\u0142em dalej na gitarze, tylko potrzebowa\u0142em czego\u015b nowego i tak wysz\u0142o. Nie za bardzo to przemy\u015bla\u0142em, szczerze m\u00f3wi\u0105c<\/p>\n<p>Uda\u0142o mi si\u0119 dosta\u0107 i tak trafi\u0142em pod skrzyd\u0142a Adama Maruszaka \u2013 Pedagog przez najwi\u0119ksze mo\u017cliwe &#8222;P&#8221;. Doskona\u0142y, bardzo si\u0119 nami zajmowa\u0142, dba\u0142 o nas i zara\u017ca\u0142 nas pasj\u0105 do grania. Ale bardzo wa\u017cn\u0105 rzecz\u0105 byli te\u017c moi kumple, kt\u00f3rzy s\u0105 b\u0119bniarzami do dzisiaj. Oni byli wtedy bardziej zaawansowani ode mnie, i jak zobaczy\u0142em co oni potrafi\u0105 na tym instrumencie, to dosta\u0142em dos\u0142ownie objawienia. Je\u017celi do tej pory moj\u0105 &#8222;wkr\u0119tka&#8221; i &#8222;faza&#8221; na granie by\u0142a du\u017ca, to nast\u0105pi\u0142a reakcja \u0142a\u0144cuchowa. Spodoba\u0142o mi si\u0119 to tak bardzo, \u017ce w zasadzie postanowi\u0142em \u017ce b\u0119d\u0119 robi\u0142 w \u017cyciu to i tylko to. Zacz\u0119\u0142o si\u0119 wi\u0119c ostre \u0107wiczenie. I to nie tylko na zestawie perkusyjnym, bo w szkole muzycznej na perkusji klasycznej jest najpierw werbel, potem ksylofon, kot\u0142y orkiestrowe, wibrafon i marimba a na ko\u0144cu zestaw. I jeszcze oczywi\u015bcie fortepian dodatkowy. Ale mi si\u0119 bardzo chcia\u0142em, gra\u0142em na tych wszystkich instrumentach, szed\u0142em do przodu. Zapa\u0142 mi si\u0119 nie ko\u0144czy\u0142.<\/p>\n<p>Po jakim\u015b czasie us\u0142ysza\u0142em o szkole muzycznej przy ulicy &#8222;Bednarskiej&#8221; w Warszawie. Dostawali si\u0119 do niej i wyje\u017cd\u017cali do stolicy moi koledzy, bo by\u0142 tam w\u00f3wczas jeden z nielicznych &#8222;Wydzia\u0142\u00f3w Jazzu&#8221; . Czyli szansa na dostanie si\u0119 do szko\u0142y gdzie zajmujemy si\u0119 ju\u017c tylko graniem na zestawie, w dodatku wysz\u0142o z niej mn\u00f3stwo znanych i wspania\u0142ych muzyk\u00f3w. Presti\u017cowa. Pomy\u015bla\u0142em \u2013 oooo tak! To jest to. Postanowi\u0142em spr\u00f3bowa\u0107 na maksa. Oznajmi\u0142em to w szkole. Jednocze\u015bnie chodzi\u0142em ju\u017c do liceum, ale by\u0142em na tyle wkr\u0119cony, \u017ce pewnego dnia powiedzia\u0142em w domu (najpierw mojej Mamie) \u017ce zabieram papiery z liceum i zostaj\u0119 w szkole muzycznej. B\u0119d\u0119 do ko\u0144ca roku \u0107wiczy\u0142, dostan\u0119 si\u0119 i przenios\u0119 do Warszawy a matur\u0119 zrobi\u0119 p\u00f3\u017aniej. Plan troch\u0119 hardkor, ale ostatecznie wysz\u0142o. Mieszka\u0142em u Babci 200 metr\u00f3w od szko\u0142y muzycznej i naparza\u0142em. Gra\u0142em. Du\u017co na maksa harowa\u0142em. I dosta\u0142em si\u0119, nawet na pierwszym miejscu. Po trzech latach grania na perkusji, do klasy legendy Polskiego Jazzu &#8211; pana Czes\u0142awa &#8222;Ma\u0142ego&#8221; Bartkowskiego.<\/p>\n<p>P\u00f3\u017aniej przeprowadzka do stolicy, mieszkanie w bursie i stopniowe rozkr\u0119canie &#8222;grania&#8221;. Gdzie\u015b pod koniec &#8222;Bednarskiej&#8221; doszed\u0142em do wniosku, \u017ce trzeba i\u015b\u0107 na studia, wyb\u00f3r pad\u0142 najpierw na Akademi\u0119 Muzyczn\u0105 w Krakowie ale \u2013 uwaga \u2013 nie uda\u0142o mi si\u0119 za pierwszym razem. Troch\u0119 si\u0119 zdo\u0142owa\u0142em, ale te\u017c w miar\u0119 szybko otrz\u0105sn\u0105\u0142em, po\u0107wiczy\u0142em co trzeba i za rok uda\u0142o mi si\u0119 dosta\u0107 do dw\u00f3ch miejsc \u2013 do Akademii Muzycznych w Krakowie i Katowicach. Wyb\u00f3r pad\u0142 na to drugie miasto i nauka u dr Adama Buczka. Sko\u0144czy\u0142em w mi\u0119dzyczasie Bednarsk\u0105, nawet z ocen\u0105 celuj\u0105c\u0105. Niestety \u2013 na pierwszym roku zachorowa\u0142em, i moje chorowanie przeci\u0105gn\u0119\u0142o si\u0119 na ca\u0142y rok akademicki. Wi\u0119c zn\u00f3w troch\u0119 falstart, bo nawet na chwil\u0119 pojawi\u0142o si\u0119 zagro\u017cenie, \u017ce nie wiadomo co dalej z graniem na b\u0119bnach. I to by\u0142 na moment cios \u2013 \u017cycie przed oczami przelecia\u0142o \ud83d\ude42 Na szcz\u0119\u015bcie znalaz\u0142em lekarza-cudotw\u00f3rc\u0119 i wyci\u0105gn\u0105\u0142 mnie z tego. Po p\u00f3\u0142rocznej przerwie uda\u0142o mi si\u0119 wr\u00f3ci\u0107 do grania, a od kolejnego semestru na studia. Studiowa\u0142em dziennie, ale mieszka\u0142em te\u017c w Warszawie, nie chcia\u0142em traci\u0107 kontakt\u00f3w i tego co wypracowa\u0142em do tej pory. Funkcjonowa\u0142em na dwa miasta, nie by\u0142o to \u0142atwe, ale da\u0142o rad\u0119 \ud83d\ude42 Studia sko\u0144czy\u0142em w 2018 roku.<\/p>\n<p>A przez ca\u0142y ten czas, ju\u017c od pierwszych lat w szkole w Lublinie, troch\u0119 si\u0119 dzia\u0142o. \u017bycie muzyka to ca\u0142kiem ciekawa przygoda. Z jednej strony masz momenty tego zamartwiania si\u0119 jak masz przestoje (wiadomo, to nie praca w biurze), albo jak po prostu jeste\u015b prze\u0142adowany, z drugiej strony prze\u017cywasz co jaki\u015b czas pi\u0119kne chwile i czujesz si\u0119 szcz\u0119\u015bliwy i nagrodzony za ca\u0142\u0105 t\u0105 wykonan\u0105 prac\u0119.<\/p>\n<p>Mi te\u017c si\u0119 uda\u0142o: wygra\u0107 par\u0119 konkurs\u00f3w i powyst\u0119powa\u0107 z r\u00f3\u017cnymi artystami (ze znanymi nazwiskami r\u00f3wnie\u017c). Na koncertach, w teatrach, na audycjach, pogrzebach, weselach, chrzcinach. Na mundialu w Katarze. W Opolu. W Hiszpanii, Gruzji i kilku innych krajach. Na obecnym etapie \u017cycia nie mam jednak ochoty \u015bwieci\u0107 tutaj tym, z kim gra\u0142em, co wygra\u0142em i dlaczego to w\u0142a\u015bnie ja ja ja! \ud83d\ude42 Zamiast tego skupiam si\u0119 na pracy tu i teraz, doskonale wci\u0105\u017c swoje umiej\u0119tno\u015bci i moimi dzia\u0142aniami na bie\u017c\u0105co staram si\u0119 dowie\u015b\u0107 swojej warto\u015bci.:) Ale gram! Jestem i gram, istniej\u0119 wci\u0105\u017c na rynku. A opr\u00f3cz tego ucz\u0119 i nagrywam! Muz\u0119, ale te\u017c filmy na YouTube:)<\/p>\n<p>R\u00f3wnocze\u015bnie do grania, od oko\u0142o 10 lat ucz\u0119 gra\u0107 na perkusji. Bardzo lubi\u0119 to robi\u0107 i owocem moich dzia\u0142a\u0144 w tym temacie jest moja szk\u00f3\u0142ka \u2013 Studium Rytmiczne \u2013 spotykamy si\u0119 w mojej salce i b\u0119bnimy! Wi\u0119cej o tym dowiecie si\u0119 w dziale &#8222;Lekcje na \u017cywo&#8221; ale te\u017c ciekawe tematy na nauk\u0119 online s\u0105 w zak\u0142adce &#8222;Lekcje online&#8221;<\/p>\n<p>Zapraszam i wszystkiego dobrego! \ud83d\ude42<\/p>\n<p><img decoding=\"async\" loading=\"lazy\" class=\"alignnone wp-image-676 size-large\" src=\"https:\/\/grajnaperkusji.pl\/wp-content\/uploads\/2023\/03\/Maciej_W_Perkusja_2-7-1024x676.jpg\" alt=\"\" width=\"775\" height=\"512\" srcset=\"https:\/\/grajnaperkusji.pl\/wp-content\/uploads\/2023\/03\/Maciej_W_Perkusja_2-7-1024x676.jpg 1024w, https:\/\/grajnaperkusji.pl\/wp-content\/uploads\/2023\/03\/Maciej_W_Perkusja_2-7-scaled-600x396.jpg 600w, https:\/\/grajnaperkusji.pl\/wp-content\/uploads\/2023\/03\/Maciej_W_Perkusja_2-7-300x198.jpg 300w, https:\/\/grajnaperkusji.pl\/wp-content\/uploads\/2023\/03\/Maciej_W_Perkusja_2-7-768x507.jpg 768w, https:\/\/grajnaperkusji.pl\/wp-content\/uploads\/2023\/03\/Maciej_W_Perkusja_2-7-1536x1014.jpg 1536w, https:\/\/grajnaperkusji.pl\/wp-content\/uploads\/2023\/03\/Maciej_W_Perkusja_2-7-2048x1352.jpg 2048w\" sizes=\"(max-width: 775px) 100vw, 775px\" \/><\/p>\n<p><img decoding=\"async\" loading=\"lazy\" class=\"alignnone wp-image-677 size-large\" src=\"https:\/\/grajnaperkusji.pl\/wp-content\/uploads\/2023\/03\/Maciej_W_Perkusja_2-14-1024x670.jpg\" alt=\"\" width=\"775\" height=\"507\" srcset=\"https:\/\/grajnaperkusji.pl\/wp-content\/uploads\/2023\/03\/Maciej_W_Perkusja_2-14-1024x670.jpg 1024w, https:\/\/grajnaperkusji.pl\/wp-content\/uploads\/2023\/03\/Maciej_W_Perkusja_2-14-scaled-600x393.jpg 600w, https:\/\/grajnaperkusji.pl\/wp-content\/uploads\/2023\/03\/Maciej_W_Perkusja_2-14-300x196.jpg 300w, https:\/\/grajnaperkusji.pl\/wp-content\/uploads\/2023\/03\/Maciej_W_Perkusja_2-14-768x502.jpg 768w, https:\/\/grajnaperkusji.pl\/wp-content\/uploads\/2023\/03\/Maciej_W_Perkusja_2-14-1536x1005.jpg 1536w, https:\/\/grajnaperkusji.pl\/wp-content\/uploads\/2023\/03\/Maciej_W_Perkusja_2-14-2048x1340.jpg 2048w\" sizes=\"(max-width: 775px) 100vw, 775px\" \/><\/p>\n<p><a role=\"button\" href=\"#\">\u00a0<\/a><\/p>\n","protected":false},"excerpt":{"rendered":"<p>Cze\u015b\u0107, czo\u0142em, siemano!:) Jestem Maciek Wojcieszuk &#8211; jestem perkusist\u0105. Napisz\u0119 tutaj par\u0119 s\u0142\u00f3w o sobie. Urodzi\u0142em si\u0119 w Lublinie, i od najm\u0142odszych lat mia\u0142em jaki\u015b taki &#8222;dryg&#8221; rytmiczny. Bardzo lubi\u0142em s\u0142ucha\u0107 muzyki, wkr\u0119ca\u0142em si\u0119 w ni\u0105 mocno, ta\u0144czy\u0142em naturalnie sam z siebie (dzi\u015b po latach ju\u017c nie bardzo:) ) i og\u00f3lnie czu\u0142em puls. Odbiera\u0142em go &hellip; <\/p>\n","protected":false},"author":1,"featured_media":0,"parent":0,"menu_order":0,"comment_status":"closed","ping_status":"closed","template":"","meta":[],"_links":{"self":[{"href":"https:\/\/grajnaperkusji.pl\/index.php\/wp-json\/wp\/v2\/pages\/53"}],"collection":[{"href":"https:\/\/grajnaperkusji.pl\/index.php\/wp-json\/wp\/v2\/pages"}],"about":[{"href":"https:\/\/grajnaperkusji.pl\/index.php\/wp-json\/wp\/v2\/types\/page"}],"author":[{"embeddable":true,"href":"https:\/\/grajnaperkusji.pl\/index.php\/wp-json\/wp\/v2\/users\/1"}],"replies":[{"embeddable":true,"href":"https:\/\/grajnaperkusji.pl\/index.php\/wp-json\/wp\/v2\/comments?post=53"}],"version-history":[{"count":1,"href":"https:\/\/grajnaperkusji.pl\/index.php\/wp-json\/wp\/v2\/pages\/53\/revisions"}],"predecessor-version":[{"id":678,"href":"https:\/\/grajnaperkusji.pl\/index.php\/wp-json\/wp\/v2\/pages\/53\/revisions\/678"}],"wp:attachment":[{"href":"https:\/\/grajnaperkusji.pl\/index.php\/wp-json\/wp\/v2\/media?parent=53"}],"curies":[{"name":"wp","href":"https:\/\/api.w.org\/{rel}","templated":true}]}}